{"id":2512,"date":"2025-05-24T04:08:16","date_gmt":"2025-05-24T04:08:16","guid":{"rendered":"https:\/\/ajashop.eu\/vip-aja-beauty-tribe\/"},"modified":"2025-05-29T07:23:28","modified_gmt":"2025-05-29T07:23:28","slug":"vip-aja-beauty-tribe","status":"publish","type":"page","link":"https:\/\/ajashop.eu\/da\/vip-aja-beauty-tribe\/","title":{"rendered":"VIP Aja Beauty Tribe"},"content":{"rendered":"\t\t<div data-elementor-type=\"wp-page\" data-elementor-id=\"2512\" class=\"elementor elementor-2512\" data-elementor-post-type=\"page\">\n\t\t\t\t<div class=\"elementor-element elementor-element-0b5f7d5 e-flex e-con-boxed e-con e-parent\" data-id=\"0b5f7d5\" data-element_type=\"container\" data-e-type=\"container\" data-settings=\"{&quot;background_background&quot;:&quot;classic&quot;}\">\n\t\t\t\t\t<div class=\"e-con-inner\">\n\t\t\t\t\t<\/div>\n\t\t\t\t<\/div>\n\t\t<div class=\"elementor-element elementor-element-b844e52 e-flex e-con-boxed e-con e-parent\" data-id=\"b844e52\" data-element_type=\"container\" data-e-type=\"container\">\n\t\t\t\t\t<div class=\"e-con-inner\">\n\t\t\t\t<div class=\"elementor-element elementor-element-3743236 elementor-widget elementor-widget-qi_addons_for_elementor_pricing_table\" data-id=\"3743236\" data-element_type=\"widget\" data-e-type=\"widget\" data-widget_type=\"qi_addons_for_elementor_pricing_table.default\">\n\t\t\t\t<div class=\"elementor-widget-container\">\n\t\t\t\t\t<div class=\"qodef-shortcode qodef-m qodef-qi-pricing-table qodef-layout--standard qodef-status--regular qodef-list-style--inside qodef-list-type--unordered qodef-label-type--badge qodef-period--side\">\n\t<div class=\"qodef-m-inner\">\n\t\t\t<h4 class=\"qodef-m-title\">\n\t\tRadiant Rituals\t<\/h4>\n\t\t\t<div class=\"qodef-m-price\">\n\t\t<div class=\"qodef-m-price-wrapper qodef-h1\">\n\t\t\t\t\t\t\t<span class=\"qodef-m-price-currency\">\u20ac<\/span>\n\t\t\t\t\t\t<span class=\"qodef-m-price-value\">19<\/span>\n\t\t<\/div>\n\t\t\t\t\t<span class=\"qodef-m-price-period\">\/mo<\/span>\n\t\t\t<\/div>\n\t\t\t\t\t<ul class=\"qodef-m-content\">\n\t\t\t\t\t<li class=\"qodef-e-item\">\n\t\t\t\t\t\t\t\t\t<span class=\"qodef-e-icon\"><\/span>\n\t\t\t\t\t\t\t\t<span class=\"qodef-e-text\">1 new tutorial monthly<\/span>\n\t\t\t<\/li>\n\t\t\t\t\t<li class=\"qodef-e-item\">\n\t\t\t\t\t\t\t\t\t<span class=\"qodef-e-icon\"><\/span>\n\t\t\t\t\t\t\t\t<span class=\"qodef-e-text\">Beginner-friendly beauty rituals<\/span>\n\t\t\t<\/li>\n\t\t\t\t\t<li class=\"qodef-e-item\">\n\t\t\t\t\t\t\t\t\t<span class=\"qodef-e-icon\"><\/span>\n\t\t\t\t\t\t\t\t<span class=\"qodef-e-text\">Early access to product drops<\/span>\n\t\t\t<\/li>\n\t\t\t\t\t<li class=\"qodef-e-item\">\n\t\t\t\t\t\t\t\t\t<span class=\"qodef-e-icon\"><\/span>\n\t\t\t\t\t\t\t\t<span class=\"qodef-e-text\">Cancel anytime<\/span>\n\t\t\t<\/li>\n\t\t\t<\/ul>\n\t\t\t<div class=\"qodef-m-button qodef-qi-clear\">\n\t\t<a class=\"qodef-shortcode qodef-m qodef-qi-button qodef-html--link qodef-layout--filled qodef-type--standard qodef-icon--right qodef-hover--icon-move-horizontal-short\" href=\"https:\/\/ajashop.eu\/checkout\/?add-to-cart=2381\" target=\"_self\">\t<span class=\"qodef-m-text\">Subscribe<\/span>\t<\/a>\t<\/div>\n\t\t\t<span class=\"qodef-m-label\">\n\t\tBasic\t<\/span>\n\t<\/div>\n<\/div>\n\t\t\t\t<\/div>\n\t\t\t\t<\/div>\n\t\t\t\t<div class=\"elementor-element elementor-element-1ad3b81 elementor-widget elementor-widget-qi_addons_for_elementor_pricing_table\" data-id=\"1ad3b81\" data-element_type=\"widget\" data-e-type=\"widget\" data-widget_type=\"qi_addons_for_elementor_pricing_table.default\">\n\t\t\t\t<div class=\"elementor-widget-container\">\n\t\t\t\t\t<div class=\"qodef-shortcode qodef-m qodef-qi-pricing-table qodef-layout--standard qodef-status--regular qodef-list-style--inside qodef-list-type--unordered qodef-label-type--badge qodef-period--side\">\n\t<div class=\"qodef-m-inner\">\n\t\t\t<h4 class=\"qodef-m-title\">\n\t\tGlow Circle\t<\/h4>\n\t\t\t<div class=\"qodef-m-price\">\n\t\t<div class=\"qodef-m-price-wrapper qodef-h1\">\n\t\t\t\t\t\t\t<span class=\"qodef-m-price-currency\">$<\/span>\n\t\t\t\t\t\t<span class=\"qodef-m-price-value\">35<\/span>\n\t\t<\/div>\n\t\t\t\t\t<span class=\"qodef-m-price-period\">\/mo<\/span>\n\t\t\t<\/div>\n\t\t\t\t\t<ul class=\"qodef-m-content\">\n\t\t\t\t\t<li class=\"qodef-e-item\">\n\t\t\t\t\t\t\t\t\t<span class=\"qodef-e-icon\"><\/span>\n\t\t\t\t\t\t\t\t<span class=\"qodef-e-text\">All Radiant Rituals features included<\/span>\n\t\t\t<\/li>\n\t\t\t\t\t<li class=\"qodef-e-item\">\n\t\t\t\t\t\t\t\t\t<span class=\"qodef-e-icon\"><\/span>\n\t\t\t\t\t\t\t\t<span class=\"qodef-e-text\">Monthly live Q&amp;A sessions<\/span>\n\t\t\t<\/li>\n\t\t\t\t\t<li class=\"qodef-e-item\">\n\t\t\t\t\t\t\t\t\t<span class=\"qodef-e-icon\"><\/span>\n\t\t\t\t\t\t\t\t<span class=\"qodef-e-text\">Downloadable ritual templates<\/span>\n\t\t\t<\/li>\n\t\t\t\t\t<li class=\"qodef-e-item\">\n\t\t\t\t\t\t\t\t\t<span class=\"qodef-e-icon\"><\/span>\n\t\t\t\t\t\t\t\t<span class=\"qodef-e-text\">Access to VIP community<\/span>\n\t\t\t<\/li>\n\t\t\t<\/ul>\n\t\t\t<div class=\"qodef-m-button qodef-qi-clear\">\n\t\t<a class=\"qodef-shortcode qodef-m qodef-qi-button qodef-html--link qodef-layout--filled qodef-type--standard qodef-icon--right qodef-hover--icon-move-horizontal-short\" href=\"https:\/\/ajashop.eu\/checkout\/?add-to-cart=2382\" target=\"_self\">\t<span class=\"qodef-m-text\">Subscribe<\/span>\t<\/a>\t<\/div>\n\t\t\t<span class=\"qodef-m-label\">\n\t\tGold\t<\/span>\n\t<\/div>\n<\/div>\n\t\t\t\t<\/div>\n\t\t\t\t<\/div>\n\t\t\t\t<div class=\"elementor-element elementor-element-7c7ea36 elementor-widget elementor-widget-qi_addons_for_elementor_pricing_table\" data-id=\"7c7ea36\" data-element_type=\"widget\" data-e-type=\"widget\" data-widget_type=\"qi_addons_for_elementor_pricing_table.default\">\n\t\t\t\t<div class=\"elementor-widget-container\">\n\t\t\t\t\t<div class=\"qodef-shortcode qodef-m qodef-qi-pricing-table qodef-layout--standard qodef-status--regular qodef-list-style--inside qodef-list-type--unordered qodef-label-type--badge qodef-period--side\">\n\t<div class=\"qodef-m-inner\">\n\t\t\t<h4 class=\"qodef-m-title\">\n\t\tBeauty Sovereign\t<\/h4>\n\t\t\t<div class=\"qodef-m-price\">\n\t\t<div class=\"qodef-m-price-wrapper qodef-h1\">\n\t\t\t\t\t\t\t<span class=\"qodef-m-price-currency\">$<\/span>\n\t\t\t\t\t\t<span class=\"qodef-m-price-value\">45<\/span>\n\t\t<\/div>\n\t\t\t\t\t<span class=\"qodef-m-price-period\">\/mo<\/span>\n\t\t\t<\/div>\n\t\t\t\t\t<ul class=\"qodef-m-content\">\n\t\t\t\t\t<li class=\"qodef-e-item\">\n\t\t\t\t\t\t\t\t\t<span class=\"qodef-e-icon\"><\/span>\n\t\t\t\t\t\t\t\t<span class=\"qodef-e-text\">All Glow Circle features included<\/span>\n\t\t\t<\/li>\n\t\t\t\t\t<li class=\"qodef-e-item\">\n\t\t\t\t\t\t\t\t\t<span class=\"qodef-e-icon\"><\/span>\n\t\t\t\t\t\t\t\t<span class=\"qodef-e-text\">1-on-1 welcome consultation<\/span>\n\t\t\t<\/li>\n\t\t\t\t\t<li class=\"qodef-e-item\">\n\t\t\t\t\t\t\t\t\t<span class=\"qodef-e-icon\"><\/span>\n\t\t\t\t\t\t\t\t<span class=\"qodef-e-text\">VIP-only product launches<\/span>\n\t\t\t<\/li>\n\t\t\t\t\t<li class=\"qodef-e-item\">\n\t\t\t\t\t\t\t\t\t<span class=\"qodef-e-icon\"><\/span>\n\t\t\t\t\t\t\t\t<span class=\"qodef-e-text\">15% off all store items<\/span>\n\t\t\t<\/li>\n\t\t\t<\/ul>\n\t\t\t<div class=\"qodef-m-button qodef-qi-clear\">\n\t\t<a class=\"qodef-shortcode qodef-m qodef-qi-button qodef-html--link qodef-layout--filled qodef-type--standard qodef-icon--right qodef-hover--icon-move-horizontal-short\" href=\"https:\/\/ajashop.eu\/checkout\/?add-to-cart=2383\" target=\"_self\">\t<span class=\"qodef-m-text\">Subscribe<\/span>\t<\/a>\t<\/div>\n\t\t\t<span class=\"qodef-m-label\">\n\t\tPlatinum \t<\/span>\n\t<\/div>\n<\/div>\n\t\t\t\t<\/div>\n\t\t\t\t<\/div>\n\t\t\t\t\t<\/div>\n\t\t\t\t<\/div>\n\t\t\t\t<\/div>\n\t\t","protected":false},"excerpt":{"rendered":"<p>Str\u00e5lende ritualer \u20ac 19 \/mo 1 ny vejledning hver m\u00e5ned Begyndervenlige sk\u00f8nhedsritualer Tidlig adgang til produktdrops Annuller n\u00e5r som helst [&hellip;]<\/p>\n","protected":false},"author":1,"featured_media":0,"parent":0,"menu_order":0,"comment_status":"closed","ping_status":"closed","template":"","meta":{"_acf_changed":false,"site-sidebar-layout":"no-sidebar","site-content-layout":"","ast-site-content-layout":"full-width-container","site-content-style":"default","site-sidebar-style":"default","ast-global-header-display":"","ast-banner-title-visibility":"","ast-main-header-display":"","ast-hfb-above-header-display":"","ast-hfb-below-header-display":"","ast-hfb-mobile-header-display":"","site-post-title":"disabled","ast-breadcrumbs-content":"","ast-featured-img":"disabled","footer-sml-layout":"","ast-disable-related-posts":"","theme-transparent-header-meta":"","adv-header-id-meta":"","stick-header-meta":"","header-above-stick-meta":"","header-main-stick-meta":"","header-below-stick-meta":"","astra-migrate-meta-layouts":"default","ast-page-background-enabled":"default","ast-page-background-meta":{"desktop":{"background-color":"var(--ast-global-color-5)","background-image":"","background-repeat":"repeat","background-position":"center center","background-size":"auto","background-attachment":"scroll","background-type":"","background-media":"","overlay-type":"","overlay-color":"","overlay-opacity":"","overlay-gradient":""},"tablet":{"background-color":"","background-image":"","background-repeat":"repeat","background-position":"center center","background-size":"auto","background-attachment":"scroll","background-type":"","background-media":"","overlay-type":"","overlay-color":"","overlay-opacity":"","overlay-gradient":""},"mobile":{"background-color":"","background-image":"","background-repeat":"repeat","background-position":"center center","background-size":"auto","background-attachment":"scroll","background-type":"","background-media":"","overlay-type":"","overlay-color":"","overlay-opacity":"","overlay-gradient":""}},"ast-content-background-meta":{"desktop":{"background-color":"var(--ast-global-color-4)","background-image":"","background-repeat":"repeat","background-position":"center center","background-size":"auto","background-attachment":"scroll","background-type":"","background-media":"","overlay-type":"","overlay-color":"","overlay-opacity":"","overlay-gradient":""},"tablet":{"background-color":"var(--ast-global-color-4)","background-image":"","background-repeat":"repeat","background-position":"center center","background-size":"auto","background-attachment":"scroll","background-type":"","background-media":"","overlay-type":"","overlay-color":"","overlay-opacity":"","overlay-gradient":""},"mobile":{"background-color":"var(--ast-global-color-4)","background-image":"","background-repeat":"repeat","background-position":"center center","background-size":"auto","background-attachment":"scroll","background-type":"","background-media":"","overlay-type":"","overlay-color":"","overlay-opacity":"","overlay-gradient":""}},"footnotes":""},"class_list":["post-2512","page","type-page","status-publish","hentry"],"acf":[],"yoast_head":"<!-- This site is optimized with the Yoast SEO plugin v27.4 - https:\/\/yoast.com\/product\/yoast-seo-wordpress\/ -->\n<title>VIP Aja Beauty Tribe - Aja Shop<\/title>\n<meta name=\"robots\" content=\"index, follow, max-snippet:-1, max-image-preview:large, max-video-preview:-1\" \/>\n<link rel=\"canonical\" href=\"https:\/\/ajashop.eu\/vip-aja-beauty-tribe\/\" \/>\n<meta property=\"og:locale\" content=\"da_DK\" \/>\n<meta property=\"og:type\" content=\"article\" \/>\n<meta property=\"og:title\" content=\"VIP Aja Beauty Tribe - Aja Shop\" \/>\n<meta property=\"og:description\" content=\"Str\u00e5lende ritualer \u20ac 19 \/mo 1 ny vejledning hver m\u00e5ned Begyndervenlige sk\u00f8nhedsritualer Tidlig adgang til produktdrops Annuller n\u00e5r som helst [&hellip;]\" \/>\n<meta property=\"og:url\" content=\"https:\/\/ajashop.eu\/vip-aja-beauty-tribe\/\" \/>\n<meta property=\"og:site_name\" content=\"Aja Shop\" \/>\n<meta property=\"article:modified_time\" content=\"2025-05-29T07:23:28+00:00\" \/>\n<meta name=\"twitter:card\" content=\"summary_large_image\" \/>\n<script type=\"application\/ld+json\" class=\"yoast-schema-graph\">{\"@context\":\"https:\\\/\\\/schema.org\",\"@graph\":[{\"@type\":\"WebPage\",\"@id\":\"https:\\\/\\\/ajashop.eu\\\/vip-aja-beauty-tribe\\\/\",\"url\":\"https:\\\/\\\/ajashop.eu\\\/vip-aja-beauty-tribe\\\/\",\"name\":\"VIP Aja Beauty Tribe - Aja Shop\",\"isPartOf\":{\"@id\":\"https:\\\/\\\/ajashop.eu\\\/#website\"},\"datePublished\":\"2025-05-24T04:08:16+00:00\",\"dateModified\":\"2025-05-29T07:23:28+00:00\",\"breadcrumb\":{\"@id\":\"https:\\\/\\\/ajashop.eu\\\/vip-aja-beauty-tribe\\\/#breadcrumb\"},\"inLanguage\":\"da-DK\",\"potentialAction\":[{\"@type\":\"ReadAction\",\"target\":[\"https:\\\/\\\/ajashop.eu\\\/vip-aja-beauty-tribe\\\/\"]}]},{\"@type\":\"BreadcrumbList\",\"@id\":\"https:\\\/\\\/ajashop.eu\\\/vip-aja-beauty-tribe\\\/#breadcrumb\",\"itemListElement\":[{\"@type\":\"ListItem\",\"position\":1,\"name\":\"Home\",\"item\":\"https:\\\/\\\/ajashop.eu\\\/da\\\/\"},{\"@type\":\"ListItem\",\"position\":2,\"name\":\"VIP Aja Beauty Tribe\"}]},{\"@type\":\"WebSite\",\"@id\":\"https:\\\/\\\/ajashop.eu\\\/#website\",\"url\":\"https:\\\/\\\/ajashop.eu\\\/\",\"name\":\"Aja Shop\",\"description\":\"\",\"publisher\":{\"@id\":\"https:\\\/\\\/ajashop.eu\\\/#organization\"},\"potentialAction\":[{\"@type\":\"SearchAction\",\"target\":{\"@type\":\"EntryPoint\",\"urlTemplate\":\"https:\\\/\\\/ajashop.eu\\\/?s={search_term_string}\"},\"query-input\":{\"@type\":\"PropertyValueSpecification\",\"valueRequired\":true,\"valueName\":\"search_term_string\"}}],\"inLanguage\":\"da-DK\"},{\"@type\":\"Organization\",\"@id\":\"https:\\\/\\\/ajashop.eu\\\/#organization\",\"name\":\"Aja Shop\",\"url\":\"https:\\\/\\\/ajashop.eu\\\/\",\"logo\":{\"@type\":\"ImageObject\",\"inLanguage\":\"da-DK\",\"@id\":\"https:\\\/\\\/ajashop.eu\\\/#\\\/schema\\\/logo\\\/image\\\/\",\"url\":\"http:\\\/\\\/ajashop.eu\\\/wp-content\\\/uploads\\\/2025\\\/04\\\/cropped-2-scaled-1.jpg\",\"contentUrl\":\"http:\\\/\\\/ajashop.eu\\\/wp-content\\\/uploads\\\/2025\\\/04\\\/cropped-2-scaled-1.jpg\",\"width\":512,\"height\":512,\"caption\":\"Aja Shop\"},\"image\":{\"@id\":\"https:\\\/\\\/ajashop.eu\\\/#\\\/schema\\\/logo\\\/image\\\/\"}}]}<\/script>\n<!-- \/ Yoast SEO plugin. -->","yoast_head_json":{"title":"VIP Aja Beauty Tribe - Aja Shop","robots":{"index":"index","follow":"follow","max-snippet":"max-snippet:-1","max-image-preview":"max-image-preview:large","max-video-preview":"max-video-preview:-1"},"canonical":"https:\/\/ajashop.eu\/vip-aja-beauty-tribe\/","og_locale":"da_DK","og_type":"article","og_title":"VIP Aja Beauty Tribe - Aja Shop","og_description":"Str\u00e5lende ritualer \u20ac 19 \/mo 1 ny vejledning hver m\u00e5ned Begyndervenlige sk\u00f8nhedsritualer Tidlig adgang til produktdrops Annuller n\u00e5r som helst [&hellip;]","og_url":"https:\/\/ajashop.eu\/vip-aja-beauty-tribe\/","og_site_name":"Aja Shop","article_modified_time":"2025-05-29T07:23:28+00:00","twitter_card":"summary_large_image","schema":{"@context":"https:\/\/schema.org","@graph":[{"@type":"WebPage","@id":"https:\/\/ajashop.eu\/vip-aja-beauty-tribe\/","url":"https:\/\/ajashop.eu\/vip-aja-beauty-tribe\/","name":"VIP Aja Beauty Tribe - Aja Shop","isPartOf":{"@id":"https:\/\/ajashop.eu\/#website"},"datePublished":"2025-05-24T04:08:16+00:00","dateModified":"2025-05-29T07:23:28+00:00","breadcrumb":{"@id":"https:\/\/ajashop.eu\/vip-aja-beauty-tribe\/#breadcrumb"},"inLanguage":"da-DK","potentialAction":[{"@type":"ReadAction","target":["https:\/\/ajashop.eu\/vip-aja-beauty-tribe\/"]}]},{"@type":"BreadcrumbList","@id":"https:\/\/ajashop.eu\/vip-aja-beauty-tribe\/#breadcrumb","itemListElement":[{"@type":"ListItem","position":1,"name":"Home","item":"https:\/\/ajashop.eu\/da\/"},{"@type":"ListItem","position":2,"name":"VIP Aja Beauty Tribe"}]},{"@type":"WebSite","@id":"https:\/\/ajashop.eu\/#website","url":"https:\/\/ajashop.eu\/","name":"Aja Shop","description":"","publisher":{"@id":"https:\/\/ajashop.eu\/#organization"},"potentialAction":[{"@type":"SearchAction","target":{"@type":"EntryPoint","urlTemplate":"https:\/\/ajashop.eu\/?s={search_term_string}"},"query-input":{"@type":"PropertyValueSpecification","valueRequired":true,"valueName":"search_term_string"}}],"inLanguage":"da-DK"},{"@type":"Organization","@id":"https:\/\/ajashop.eu\/#organization","name":"Aja Shop","url":"https:\/\/ajashop.eu\/","logo":{"@type":"ImageObject","inLanguage":"da-DK","@id":"https:\/\/ajashop.eu\/#\/schema\/logo\/image\/","url":"http:\/\/ajashop.eu\/wp-content\/uploads\/2025\/04\/cropped-2-scaled-1.jpg","contentUrl":"http:\/\/ajashop.eu\/wp-content\/uploads\/2025\/04\/cropped-2-scaled-1.jpg","width":512,"height":512,"caption":"Aja Shop"},"image":{"@id":"https:\/\/ajashop.eu\/#\/schema\/logo\/image\/"}}]}},"_links":{"self":[{"href":"https:\/\/ajashop.eu\/da\/wp-json\/wp\/v2\/pages\/2512","targetHints":{"allow":["GET"]}}],"collection":[{"href":"https:\/\/ajashop.eu\/da\/wp-json\/wp\/v2\/pages"}],"about":[{"href":"https:\/\/ajashop.eu\/da\/wp-json\/wp\/v2\/types\/page"}],"author":[{"embeddable":true,"href":"https:\/\/ajashop.eu\/da\/wp-json\/wp\/v2\/users\/1"}],"replies":[{"embeddable":true,"href":"https:\/\/ajashop.eu\/da\/wp-json\/wp\/v2\/comments?post=2512"}],"version-history":[{"count":1,"href":"https:\/\/ajashop.eu\/da\/wp-json\/wp\/v2\/pages\/2512\/revisions"}],"predecessor-version":[{"id":2561,"href":"https:\/\/ajashop.eu\/da\/wp-json\/wp\/v2\/pages\/2512\/revisions\/2561"}],"wp:attachment":[{"href":"https:\/\/ajashop.eu\/da\/wp-json\/wp\/v2\/media?parent=2512"}],"curies":[{"name":"wp","href":"https:\/\/api.w.org\/{rel}","templated":true}]}}