{"id":2518,"date":"2025-04-19T11:30:26","date_gmt":"2025-04-19T11:30:26","guid":{"rendered":"https:\/\/ajashop.eu\/butik\/"},"modified":"2025-06-03T05:55:48","modified_gmt":"2025-06-03T05:55:48","slug":"butik","status":"publish","type":"page","link":"https:\/\/ajashop.eu\/da\/butik\/","title":{"rendered":"Butik"},"content":{"rendered":"","protected":false},"excerpt":{"rendered":"","protected":false},"author":1,"featured_media":0,"parent":0,"menu_order":0,"comment_status":"closed","ping_status":"closed","template":"","meta":{"_acf_changed":false,"site-sidebar-layout":"default","site-content-layout":"","ast-site-content-layout":"default","site-content-style":"default","site-sidebar-style":"default","ast-global-header-display":"","ast-banner-title-visibility":"","ast-main-header-display":"","ast-hfb-above-header-display":"","ast-hfb-below-header-display":"","ast-hfb-mobile-header-display":"","site-post-title":"","ast-breadcrumbs-content":"","ast-featured-img":"","footer-sml-layout":"","ast-disable-related-posts":"","theme-transparent-header-meta":"","adv-header-id-meta":"","stick-header-meta":"","header-above-stick-meta":"","header-main-stick-meta":"","header-below-stick-meta":"","astra-migrate-meta-layouts":"default","ast-page-background-enabled":"default","ast-page-background-meta":{"desktop":{"background-color":"var(--ast-global-color-5)","background-image":"","background-repeat":"repeat","background-position":"center center","background-size":"auto","background-attachment":"scroll","background-type":"","background-media":"","overlay-type":"","overlay-color":"","overlay-opacity":"","overlay-gradient":""},"tablet":{"background-color":"","background-image":"","background-repeat":"repeat","background-position":"center center","background-size":"auto","background-attachment":"scroll","background-type":"","background-media":"","overlay-type":"","overlay-color":"","overlay-opacity":"","overlay-gradient":""},"mobile":{"background-color":"","background-image":"","background-repeat":"repeat","background-position":"center center","background-size":"auto","background-attachment":"scroll","background-type":"","background-media":"","overlay-type":"","overlay-color":"","overlay-opacity":"","overlay-gradient":""}},"ast-content-background-meta":{"desktop":{"background-color":"var(--ast-global-color-4)","background-image":"","background-repeat":"repeat","background-position":"center center","background-size":"auto","background-attachment":"scroll","background-type":"","background-media":"","overlay-type":"","overlay-color":"","overlay-opacity":"","overlay-gradient":""},"tablet":{"background-color":"var(--ast-global-color-4)","background-image":"","background-repeat":"repeat","background-position":"center center","background-size":"auto","background-attachment":"scroll","background-type":"","background-media":"","overlay-type":"","overlay-color":"","overlay-opacity":"","overlay-gradient":""},"mobile":{"background-color":"var(--ast-global-color-4)","background-image":"","background-repeat":"repeat","background-position":"center center","background-size":"auto","background-attachment":"scroll","background-type":"","background-media":"","overlay-type":"","overlay-color":"","overlay-opacity":"","overlay-gradient":""}},"footnotes":""},"class_list":["post-2518","page","type-page","status-publish","hentry"],"acf":[],"yoast_head":"<!-- This site is optimized with the Yoast SEO plugin v27.4 - https:\/\/yoast.com\/product\/yoast-seo-wordpress\/ -->\n<title>Shop Aja | Naturlig hudpleje, wellness og h\u00e5ndlavede gaver<\/title>\n<meta name=\"description\" content=\"Oplev mindful sk\u00f8nhed og wellness-produkter hos Aja Shop. Udforsk naturlig hudpleje, helbredende v\u00e6rkt\u00f8jer og milj\u00f8bevidst tilbeh\u00f8r.\" \/>\n<meta name=\"robots\" content=\"index, follow, max-snippet:-1, max-image-preview:large, max-video-preview:-1\" \/>\n<link rel=\"canonical\" href=\"https:\/\/ajashop.eu\/da\/butik\/\" \/>\n<meta property=\"og:locale\" content=\"da_DK\" \/>\n<meta property=\"og:type\" content=\"article\" \/>\n<meta property=\"og:title\" content=\"Shop Aja | Naturlig hudpleje, wellness og h\u00e5ndlavede gaver\" \/>\n<meta property=\"og:description\" content=\"Oplev mindful sk\u00f8nhed og wellness-produkter hos Aja Shop. Udforsk naturlig hudpleje, helbredende v\u00e6rkt\u00f8jer og milj\u00f8bevidst tilbeh\u00f8r.\" \/>\n<meta property=\"og:url\" content=\"https:\/\/ajashop.eu\/da\/butik\/\" \/>\n<meta property=\"og:site_name\" content=\"Aja Shop\" \/>\n<meta property=\"article:modified_time\" content=\"2025-06-03T05:55:48+00:00\" \/>\n<meta name=\"twitter:card\" content=\"summary_large_image\" \/>\n<script type=\"application\/ld+json\" class=\"yoast-schema-graph\">{\"@context\":\"https:\\\/\\\/schema.org\",\"@graph\":[{\"@type\":\"WebPage\",\"@id\":\"https:\\\/\\\/ajashop.eu\\\/da\\\/butik\\\/\",\"url\":\"https:\\\/\\\/ajashop.eu\\\/da\\\/butik\\\/\",\"name\":\"Shop Aja | Naturlig hudpleje, wellness og h\u00e5ndlavede gaver\",\"isPartOf\":{\"@id\":\"https:\\\/\\\/ajashop.eu\\\/#website\"},\"datePublished\":\"2025-04-19T11:30:26+00:00\",\"dateModified\":\"2025-06-03T05:55:48+00:00\",\"description\":\"Oplev mindful sk\u00f8nhed og wellness-produkter hos Aja Shop. Udforsk naturlig hudpleje, helbredende v\u00e6rkt\u00f8jer og milj\u00f8bevidst tilbeh\u00f8r.\",\"breadcrumb\":{\"@id\":\"https:\\\/\\\/ajashop.eu\\\/da\\\/butik\\\/#breadcrumb\"},\"inLanguage\":\"da-DK\",\"potentialAction\":[{\"@type\":\"ReadAction\",\"target\":[\"https:\\\/\\\/ajashop.eu\\\/da\\\/butik\\\/\"]}]},{\"@type\":\"BreadcrumbList\",\"@id\":\"https:\\\/\\\/ajashop.eu\\\/da\\\/butik\\\/#breadcrumb\",\"itemListElement\":[{\"@type\":\"ListItem\",\"position\":1,\"name\":\"Home\",\"item\":\"https:\\\/\\\/ajashop.eu\\\/da\\\/\"},{\"@type\":\"ListItem\",\"position\":2,\"name\":\"Butik\"}]},{\"@type\":\"WebSite\",\"@id\":\"https:\\\/\\\/ajashop.eu\\\/#website\",\"url\":\"https:\\\/\\\/ajashop.eu\\\/\",\"name\":\"Aja Shop\",\"description\":\"\",\"publisher\":{\"@id\":\"https:\\\/\\\/ajashop.eu\\\/#organization\"},\"potentialAction\":[{\"@type\":\"SearchAction\",\"target\":{\"@type\":\"EntryPoint\",\"urlTemplate\":\"https:\\\/\\\/ajashop.eu\\\/?s={search_term_string}\"},\"query-input\":{\"@type\":\"PropertyValueSpecification\",\"valueRequired\":true,\"valueName\":\"search_term_string\"}}],\"inLanguage\":\"da-DK\"},{\"@type\":\"Organization\",\"@id\":\"https:\\\/\\\/ajashop.eu\\\/#organization\",\"name\":\"Aja Shop\",\"url\":\"https:\\\/\\\/ajashop.eu\\\/\",\"logo\":{\"@type\":\"ImageObject\",\"inLanguage\":\"da-DK\",\"@id\":\"https:\\\/\\\/ajashop.eu\\\/#\\\/schema\\\/logo\\\/image\\\/\",\"url\":\"http:\\\/\\\/ajashop.eu\\\/wp-content\\\/uploads\\\/2025\\\/04\\\/cropped-2-scaled-1.jpg\",\"contentUrl\":\"http:\\\/\\\/ajashop.eu\\\/wp-content\\\/uploads\\\/2025\\\/04\\\/cropped-2-scaled-1.jpg\",\"width\":512,\"height\":512,\"caption\":\"Aja Shop\"},\"image\":{\"@id\":\"https:\\\/\\\/ajashop.eu\\\/#\\\/schema\\\/logo\\\/image\\\/\"}}]}<\/script>\n<!-- \/ Yoast SEO plugin. -->","yoast_head_json":{"title":"Shop Aja | Naturlig hudpleje, wellness og h\u00e5ndlavede gaver","description":"Oplev mindful sk\u00f8nhed og wellness-produkter hos Aja Shop. Udforsk naturlig hudpleje, helbredende v\u00e6rkt\u00f8jer og milj\u00f8bevidst tilbeh\u00f8r.","robots":{"index":"index","follow":"follow","max-snippet":"max-snippet:-1","max-image-preview":"max-image-preview:large","max-video-preview":"max-video-preview:-1"},"canonical":"https:\/\/ajashop.eu\/da\/butik\/","og_locale":"da_DK","og_type":"article","og_title":"Shop Aja | Naturlig hudpleje, wellness og h\u00e5ndlavede gaver","og_description":"Oplev mindful sk\u00f8nhed og wellness-produkter hos Aja Shop. Udforsk naturlig hudpleje, helbredende v\u00e6rkt\u00f8jer og milj\u00f8bevidst tilbeh\u00f8r.","og_url":"https:\/\/ajashop.eu\/da\/butik\/","og_site_name":"Aja Shop","article_modified_time":"2025-06-03T05:55:48+00:00","twitter_card":"summary_large_image","schema":{"@context":"https:\/\/schema.org","@graph":[{"@type":"WebPage","@id":"https:\/\/ajashop.eu\/da\/butik\/","url":"https:\/\/ajashop.eu\/da\/butik\/","name":"Shop Aja | Naturlig hudpleje, wellness og h\u00e5ndlavede gaver","isPartOf":{"@id":"https:\/\/ajashop.eu\/#website"},"datePublished":"2025-04-19T11:30:26+00:00","dateModified":"2025-06-03T05:55:48+00:00","description":"Oplev mindful sk\u00f8nhed og wellness-produkter hos Aja Shop. Udforsk naturlig hudpleje, helbredende v\u00e6rkt\u00f8jer og milj\u00f8bevidst tilbeh\u00f8r.","breadcrumb":{"@id":"https:\/\/ajashop.eu\/da\/butik\/#breadcrumb"},"inLanguage":"da-DK","potentialAction":[{"@type":"ReadAction","target":["https:\/\/ajashop.eu\/da\/butik\/"]}]},{"@type":"BreadcrumbList","@id":"https:\/\/ajashop.eu\/da\/butik\/#breadcrumb","itemListElement":[{"@type":"ListItem","position":1,"name":"Home","item":"https:\/\/ajashop.eu\/da\/"},{"@type":"ListItem","position":2,"name":"Butik"}]},{"@type":"WebSite","@id":"https:\/\/ajashop.eu\/#website","url":"https:\/\/ajashop.eu\/","name":"Aja Shop","description":"","publisher":{"@id":"https:\/\/ajashop.eu\/#organization"},"potentialAction":[{"@type":"SearchAction","target":{"@type":"EntryPoint","urlTemplate":"https:\/\/ajashop.eu\/?s={search_term_string}"},"query-input":{"@type":"PropertyValueSpecification","valueRequired":true,"valueName":"search_term_string"}}],"inLanguage":"da-DK"},{"@type":"Organization","@id":"https:\/\/ajashop.eu\/#organization","name":"Aja Shop","url":"https:\/\/ajashop.eu\/","logo":{"@type":"ImageObject","inLanguage":"da-DK","@id":"https:\/\/ajashop.eu\/#\/schema\/logo\/image\/","url":"http:\/\/ajashop.eu\/wp-content\/uploads\/2025\/04\/cropped-2-scaled-1.jpg","contentUrl":"http:\/\/ajashop.eu\/wp-content\/uploads\/2025\/04\/cropped-2-scaled-1.jpg","width":512,"height":512,"caption":"Aja Shop"},"image":{"@id":"https:\/\/ajashop.eu\/#\/schema\/logo\/image\/"}}]}},"_links":{"self":[{"href":"https:\/\/ajashop.eu\/da\/wp-json\/wp\/v2\/pages\/2518","targetHints":{"allow":["GET"]}}],"collection":[{"href":"https:\/\/ajashop.eu\/da\/wp-json\/wp\/v2\/pages"}],"about":[{"href":"https:\/\/ajashop.eu\/da\/wp-json\/wp\/v2\/types\/page"}],"author":[{"embeddable":true,"href":"https:\/\/ajashop.eu\/da\/wp-json\/wp\/v2\/users\/1"}],"replies":[{"embeddable":true,"href":"https:\/\/ajashop.eu\/da\/wp-json\/wp\/v2\/comments?post=2518"}],"version-history":[{"count":1,"href":"https:\/\/ajashop.eu\/da\/wp-json\/wp\/v2\/pages\/2518\/revisions"}],"predecessor-version":[{"id":2569,"href":"https:\/\/ajashop.eu\/da\/wp-json\/wp\/v2\/pages\/2518\/revisions\/2569"}],"wp:attachment":[{"href":"https:\/\/ajashop.eu\/da\/wp-json\/wp\/v2\/media?parent=2518"}],"curies":[{"name":"wp","href":"https:\/\/api.w.org\/{rel}","templated":true}]}}