{"id":2521,"date":"2025-04-24T11:52:38","date_gmt":"2025-04-24T11:52:38","guid":{"rendered":"https:\/\/ajashop.eu\/vilkar-og-betingelser\/"},"modified":"2025-05-29T07:23:36","modified_gmt":"2025-05-29T07:23:36","slug":"vilkar-og-betingelser","status":"publish","type":"page","link":"https:\/\/ajashop.eu\/da\/vilkar-og-betingelser\/","title":{"rendered":"Vilk\u00e5r og betingelser"},"content":{"rendered":"\t\t<div data-elementor-type=\"wp-page\" data-elementor-id=\"2521\" class=\"elementor elementor-2521\" data-elementor-post-type=\"page\">\n\t\t\t\t<div class=\"elementor-element elementor-element-47fcc94 e-flex e-con-boxed e-con e-parent\" data-id=\"47fcc94\" data-element_type=\"container\" data-e-type=\"container\" data-settings=\"{&quot;background_background&quot;:&quot;classic&quot;}\">\n\t\t\t\t\t<div class=\"e-con-inner\">\n\t\t\t\t<div class=\"elementor-element elementor-element-c480d68 elementor-widget__width-initial animated-slow elementor-invisible elementor-widget elementor-widget-heading\" data-id=\"c480d68\" data-element_type=\"widget\" data-e-type=\"widget\" data-settings=\"{&quot;_animation&quot;:&quot;fadeInDown&quot;,&quot;_animation_delay&quot;:400}\" data-widget_type=\"heading.default\">\n\t\t\t\t<div class=\"elementor-widget-container\">\n\t\t\t\t\t<h2 class=\"elementor-heading-title elementor-size-default\">Terms and Conditions<\/h2>\t\t\t\t<\/div>\n\t\t\t\t<\/div>\n\t\t\t\t<div class=\"elementor-element elementor-element-295b815 elementor-icon-list--layout-inline elementor-list-item-link-full_width elementor-widget elementor-widget-icon-list\" data-id=\"295b815\" data-element_type=\"widget\" data-e-type=\"widget\" data-widget_type=\"icon-list.default\">\n\t\t\t\t<div class=\"elementor-widget-container\">\n\t\t\t\t\t\t\t<ul class=\"elementor-icon-list-items elementor-inline-items\">\n\t\t\t\t\t\t\t<li class=\"elementor-icon-list-item elementor-inline-item\">\n\t\t\t\t\t\t\t\t\t\t\t<a href=\"https:\/\/ajashop.eu\/da\/\">\n\n\t\t\t\t\t\t\t\t\t\t\t<span class=\"elementor-icon-list-text\">Home<\/span>\n\t\t\t\t\t\t\t\t\t\t\t<\/a>\n\t\t\t\t\t\t\t\t\t<\/li>\n\t\t\t\t\t\t\t\t<li class=\"elementor-icon-list-item elementor-inline-item\">\n\t\t\t\t\t\t\t\t\t\t\t<span class=\"elementor-icon-list-icon\">\n\t\t\t\t\t\t\t<svg aria-hidden=\"true\" class=\"e-font-icon-svg e-fas-minus\" viewBox=\"0 0 448 512\" xmlns=\"http:\/\/www.w3.org\/2000\/svg\"><path d=\"M416 208H32c-17.67 0-32 14.33-32 32v32c0 17.67 14.33 32 32 32h384c17.67 0 32-14.33 32-32v-32c0-17.67-14.33-32-32-32z\"><\/path><\/svg>\t\t\t\t\t\t<\/span>\n\t\t\t\t\t\t\t\t\t\t<span class=\"elementor-icon-list-text\"><\/span>\n\t\t\t\t\t\t\t\t\t<\/li>\n\t\t\t\t\t\t<\/ul>\n\t\t\t\t\t\t<\/div>\n\t\t\t\t<\/div>\n\t\t\t\t\t<\/div>\n\t\t\t\t<\/div>\n\t\t<div class=\"elementor-element elementor-element-03d7a66 e-flex e-con-boxed e-con e-parent\" data-id=\"03d7a66\" data-element_type=\"container\" data-e-type=\"container\">\n\t\t\t\t\t<div class=\"e-con-inner\">\n\t\t\t\t<div class=\"elementor-element elementor-element-a74abe6 elementor-widget elementor-widget-heading\" data-id=\"a74abe6\" data-element_type=\"widget\" data-e-type=\"widget\" data-widget_type=\"heading.default\">\n\t\t\t\t<div class=\"elementor-widget-container\">\n\t\t\t\t\t<h2 class=\"elementor-heading-title elementor-size-default\">Terms and Conditions<\/h2>\t\t\t\t<\/div>\n\t\t\t\t<\/div>\n\t\t\t\t<div class=\"elementor-element elementor-element-04870f0 elementor-widget elementor-widget-text-editor\" data-id=\"04870f0\" data-element_type=\"widget\" data-e-type=\"widget\" data-widget_type=\"text-editor.default\">\n\t\t\t\t<div class=\"elementor-widget-container\">\n\t\t\t\t\t\t\t\t\t<p class=\"\" data-start=\"264\" data-end=\"434\"><strong data-start=\"264\" data-end=\"284\">1. General Terms<\/strong><br data-start=\"284\" data-end=\"287\" \/>By using this website, you agree to follow our terms of use. We reserve the right to update or modify these terms at any time without prior notice.<\/p><p class=\"\" data-start=\"436\" data-end=\"642\"><strong data-start=\"436\" data-end=\"462\">2. Product Information<\/strong><br data-start=\"462\" data-end=\"465\" \/>All products listed on Aja Shop are described as accurately as possible. However, we cannot guarantee that all descriptions, pricing, or availability are always 100% error-free.<\/p><p class=\"\" data-start=\"644\" data-end=\"819\"><strong data-start=\"644\" data-end=\"659\">3. Payments<\/strong><br data-start=\"659\" data-end=\"662\" \/>We accept secure payments via credit card and other trusted methods. Prices include VAT where applicable. Orders are confirmed only after successful payment.<\/p><p class=\"\" data-start=\"821\" data-end=\"961\"><strong data-start=\"821\" data-end=\"847\">4. Shipping &amp; Delivery<\/strong><br data-start=\"847\" data-end=\"850\" \/>We aim to dispatch orders within 1\u20132 business days. Delivery times may vary based on location and order volume.<\/p><p class=\"\" data-start=\"963\" data-end=\"1177\"><strong data-start=\"963\" data-end=\"987\">5. Returns &amp; Refunds<\/strong><br data-start=\"987\" data-end=\"990\" \/>Items can be returned within 14 days of delivery in unused condition. Refunds are processed after we receive and inspect the item. Return shipping costs are the customer\u2019s responsibility.<\/p><p class=\"\" data-start=\"1179\" data-end=\"1293\"><strong data-start=\"1179\" data-end=\"1193\">6. Privacy<\/strong><br data-start=\"1193\" data-end=\"1196\" \/>Your privacy matters. We never sell or share your data. For more details, see our Privacy Policy.<\/p><p class=\"\" data-start=\"1295\" data-end=\"1391\"><strong data-start=\"1295\" data-end=\"1312\">7. Contact Us<\/strong><br data-start=\"1312\" data-end=\"1315\" \/>For any questions about our terms, please contact us at <a rel=\"noopener\" data-start=\"1371\" data-end=\"1390\">support@ajashop.com<\/a>.<\/p>\t\t\t\t\t\t\t\t<\/div>\n\t\t\t\t<\/div>\n\t\t\t\t\t<\/div>\n\t\t\t\t<\/div>\n\t\t\t\t<\/div>\n\t\t","protected":false},"excerpt":{"rendered":"<p>Vilk\u00e5r og betingelser Hjem Vilk\u00e5r og betingelser 1. Generelle vilk\u00e5rVed at bruge dette websted accepterer du at f\u00f8lge vores vilk\u00e5r [&hellip;]<\/p>\n","protected":false},"author":1,"featured_media":0,"parent":0,"menu_order":0,"comment_status":"closed","ping_status":"closed","template":"","meta":{"_acf_changed":false,"site-sidebar-layout":"no-sidebar","site-content-layout":"","ast-site-content-layout":"full-width-container","site-content-style":"default","site-sidebar-style":"default","ast-global-header-display":"","ast-banner-title-visibility":"","ast-main-header-display":"","ast-hfb-above-header-display":"","ast-hfb-below-header-display":"","ast-hfb-mobile-header-display":"","site-post-title":"disabled","ast-breadcrumbs-content":"","ast-featured-img":"disabled","footer-sml-layout":"","ast-disable-related-posts":"","theme-transparent-header-meta":"","adv-header-id-meta":"","stick-header-meta":"","header-above-stick-meta":"","header-main-stick-meta":"","header-below-stick-meta":"","astra-migrate-meta-layouts":"default","ast-page-background-enabled":"default","ast-page-background-meta":{"desktop":{"background-color":"var(--ast-global-color-5)","background-image":"","background-repeat":"repeat","background-position":"center center","background-size":"auto","background-attachment":"scroll","background-type":"","background-media":"","overlay-type":"","overlay-color":"","overlay-opacity":"","overlay-gradient":""},"tablet":{"background-color":"","background-image":"","background-repeat":"repeat","background-position":"center center","background-size":"auto","background-attachment":"scroll","background-type":"","background-media":"","overlay-type":"","overlay-color":"","overlay-opacity":"","overlay-gradient":""},"mobile":{"background-color":"","background-image":"","background-repeat":"repeat","background-position":"center center","background-size":"auto","background-attachment":"scroll","background-type":"","background-media":"","overlay-type":"","overlay-color":"","overlay-opacity":"","overlay-gradient":""}},"ast-content-background-meta":{"desktop":{"background-color":"var(--ast-global-color-4)","background-image":"","background-repeat":"repeat","background-position":"center center","background-size":"auto","background-attachment":"scroll","background-type":"","background-media":"","overlay-type":"","overlay-color":"","overlay-opacity":"","overlay-gradient":""},"tablet":{"background-color":"var(--ast-global-color-4)","background-image":"","background-repeat":"repeat","background-position":"center center","background-size":"auto","background-attachment":"scroll","background-type":"","background-media":"","overlay-type":"","overlay-color":"","overlay-opacity":"","overlay-gradient":""},"mobile":{"background-color":"var(--ast-global-color-4)","background-image":"","background-repeat":"repeat","background-position":"center center","background-size":"auto","background-attachment":"scroll","background-type":"","background-media":"","overlay-type":"","overlay-color":"","overlay-opacity":"","overlay-gradient":""}},"footnotes":""},"class_list":["post-2521","page","type-page","status-publish","hentry"],"acf":[],"yoast_head":"<!-- This site is optimized with the Yoast SEO plugin v27.4 - https:\/\/yoast.com\/product\/yoast-seo-wordpress\/ -->\n<title>Vilk\u00e5r og betingelser - Aja Shop<\/title>\n<meta name=\"robots\" content=\"index, follow, max-snippet:-1, max-image-preview:large, max-video-preview:-1\" \/>\n<link rel=\"canonical\" href=\"https:\/\/ajashop.eu\/terms-and-condition\/\" \/>\n<meta property=\"og:locale\" content=\"da_DK\" \/>\n<meta property=\"og:type\" content=\"article\" \/>\n<meta property=\"og:title\" content=\"Vilk\u00e5r og betingelser - Aja Shop\" \/>\n<meta property=\"og:description\" content=\"Vilk\u00e5r og betingelser Hjem Vilk\u00e5r og betingelser 1. Generelle vilk\u00e5rVed at bruge dette websted accepterer du at f\u00f8lge vores vilk\u00e5r [&hellip;]\" \/>\n<meta property=\"og:url\" content=\"https:\/\/ajashop.eu\/terms-and-condition\/\" \/>\n<meta property=\"og:site_name\" content=\"Aja Shop\" \/>\n<meta property=\"article:modified_time\" content=\"2025-05-29T07:23:36+00:00\" \/>\n<meta name=\"twitter:card\" content=\"summary_large_image\" \/>\n<meta name=\"twitter:label1\" content=\"Estimeret l\u00e6setid\" \/>\n\t<meta name=\"twitter:data1\" content=\"1 minut\" \/>\n<script type=\"application\/ld+json\" class=\"yoast-schema-graph\">{\"@context\":\"https:\\\/\\\/schema.org\",\"@graph\":[{\"@type\":\"WebPage\",\"@id\":\"https:\\\/\\\/ajashop.eu\\\/terms-and-condition\\\/\",\"url\":\"https:\\\/\\\/ajashop.eu\\\/terms-and-condition\\\/\",\"name\":\"Vilk\u00e5r og betingelser - Aja Shop\",\"isPartOf\":{\"@id\":\"https:\\\/\\\/ajashop.eu\\\/#website\"},\"datePublished\":\"2025-04-24T11:52:38+00:00\",\"dateModified\":\"2025-05-29T07:23:36+00:00\",\"breadcrumb\":{\"@id\":\"https:\\\/\\\/ajashop.eu\\\/terms-and-condition\\\/#breadcrumb\"},\"inLanguage\":\"da-DK\",\"potentialAction\":[{\"@type\":\"ReadAction\",\"target\":[\"https:\\\/\\\/ajashop.eu\\\/terms-and-condition\\\/\"]}]},{\"@type\":\"BreadcrumbList\",\"@id\":\"https:\\\/\\\/ajashop.eu\\\/terms-and-condition\\\/#breadcrumb\",\"itemListElement\":[{\"@type\":\"ListItem\",\"position\":1,\"name\":\"Home\",\"item\":\"https:\\\/\\\/ajashop.eu\\\/da\\\/\"},{\"@type\":\"ListItem\",\"position\":2,\"name\":\"Vilk\u00e5r og betingelser\"}]},{\"@type\":\"WebSite\",\"@id\":\"https:\\\/\\\/ajashop.eu\\\/#website\",\"url\":\"https:\\\/\\\/ajashop.eu\\\/\",\"name\":\"Aja Shop\",\"description\":\"\",\"publisher\":{\"@id\":\"https:\\\/\\\/ajashop.eu\\\/#organization\"},\"potentialAction\":[{\"@type\":\"SearchAction\",\"target\":{\"@type\":\"EntryPoint\",\"urlTemplate\":\"https:\\\/\\\/ajashop.eu\\\/?s={search_term_string}\"},\"query-input\":{\"@type\":\"PropertyValueSpecification\",\"valueRequired\":true,\"valueName\":\"search_term_string\"}}],\"inLanguage\":\"da-DK\"},{\"@type\":\"Organization\",\"@id\":\"https:\\\/\\\/ajashop.eu\\\/#organization\",\"name\":\"Aja Shop\",\"url\":\"https:\\\/\\\/ajashop.eu\\\/\",\"logo\":{\"@type\":\"ImageObject\",\"inLanguage\":\"da-DK\",\"@id\":\"https:\\\/\\\/ajashop.eu\\\/#\\\/schema\\\/logo\\\/image\\\/\",\"url\":\"http:\\\/\\\/ajashop.eu\\\/wp-content\\\/uploads\\\/2025\\\/04\\\/cropped-2-scaled-1.jpg\",\"contentUrl\":\"http:\\\/\\\/ajashop.eu\\\/wp-content\\\/uploads\\\/2025\\\/04\\\/cropped-2-scaled-1.jpg\",\"width\":512,\"height\":512,\"caption\":\"Aja Shop\"},\"image\":{\"@id\":\"https:\\\/\\\/ajashop.eu\\\/#\\\/schema\\\/logo\\\/image\\\/\"}}]}<\/script>\n<!-- \/ Yoast SEO plugin. -->","yoast_head_json":{"title":"Vilk\u00e5r og betingelser - Aja Shop","robots":{"index":"index","follow":"follow","max-snippet":"max-snippet:-1","max-image-preview":"max-image-preview:large","max-video-preview":"max-video-preview:-1"},"canonical":"https:\/\/ajashop.eu\/terms-and-condition\/","og_locale":"da_DK","og_type":"article","og_title":"Vilk\u00e5r og betingelser - Aja Shop","og_description":"Vilk\u00e5r og betingelser Hjem Vilk\u00e5r og betingelser 1. Generelle vilk\u00e5rVed at bruge dette websted accepterer du at f\u00f8lge vores vilk\u00e5r [&hellip;]","og_url":"https:\/\/ajashop.eu\/terms-and-condition\/","og_site_name":"Aja Shop","article_modified_time":"2025-05-29T07:23:36+00:00","twitter_card":"summary_large_image","twitter_misc":{"Estimeret l\u00e6setid":"1 minut"},"schema":{"@context":"https:\/\/schema.org","@graph":[{"@type":"WebPage","@id":"https:\/\/ajashop.eu\/terms-and-condition\/","url":"https:\/\/ajashop.eu\/terms-and-condition\/","name":"Vilk\u00e5r og betingelser - Aja Shop","isPartOf":{"@id":"https:\/\/ajashop.eu\/#website"},"datePublished":"2025-04-24T11:52:38+00:00","dateModified":"2025-05-29T07:23:36+00:00","breadcrumb":{"@id":"https:\/\/ajashop.eu\/terms-and-condition\/#breadcrumb"},"inLanguage":"da-DK","potentialAction":[{"@type":"ReadAction","target":["https:\/\/ajashop.eu\/terms-and-condition\/"]}]},{"@type":"BreadcrumbList","@id":"https:\/\/ajashop.eu\/terms-and-condition\/#breadcrumb","itemListElement":[{"@type":"ListItem","position":1,"name":"Home","item":"https:\/\/ajashop.eu\/da\/"},{"@type":"ListItem","position":2,"name":"Vilk\u00e5r og betingelser"}]},{"@type":"WebSite","@id":"https:\/\/ajashop.eu\/#website","url":"https:\/\/ajashop.eu\/","name":"Aja Shop","description":"","publisher":{"@id":"https:\/\/ajashop.eu\/#organization"},"potentialAction":[{"@type":"SearchAction","target":{"@type":"EntryPoint","urlTemplate":"https:\/\/ajashop.eu\/?s={search_term_string}"},"query-input":{"@type":"PropertyValueSpecification","valueRequired":true,"valueName":"search_term_string"}}],"inLanguage":"da-DK"},{"@type":"Organization","@id":"https:\/\/ajashop.eu\/#organization","name":"Aja Shop","url":"https:\/\/ajashop.eu\/","logo":{"@type":"ImageObject","inLanguage":"da-DK","@id":"https:\/\/ajashop.eu\/#\/schema\/logo\/image\/","url":"http:\/\/ajashop.eu\/wp-content\/uploads\/2025\/04\/cropped-2-scaled-1.jpg","contentUrl":"http:\/\/ajashop.eu\/wp-content\/uploads\/2025\/04\/cropped-2-scaled-1.jpg","width":512,"height":512,"caption":"Aja Shop"},"image":{"@id":"https:\/\/ajashop.eu\/#\/schema\/logo\/image\/"}}]}},"_links":{"self":[{"href":"https:\/\/ajashop.eu\/da\/wp-json\/wp\/v2\/pages\/2521","targetHints":{"allow":["GET"]}}],"collection":[{"href":"https:\/\/ajashop.eu\/da\/wp-json\/wp\/v2\/pages"}],"about":[{"href":"https:\/\/ajashop.eu\/da\/wp-json\/wp\/v2\/types\/page"}],"author":[{"embeddable":true,"href":"https:\/\/ajashop.eu\/da\/wp-json\/wp\/v2\/users\/1"}],"replies":[{"embeddable":true,"href":"https:\/\/ajashop.eu\/da\/wp-json\/wp\/v2\/comments?post=2521"}],"version-history":[{"count":1,"href":"https:\/\/ajashop.eu\/da\/wp-json\/wp\/v2\/pages\/2521\/revisions"}],"predecessor-version":[{"id":2568,"href":"https:\/\/ajashop.eu\/da\/wp-json\/wp\/v2\/pages\/2521\/revisions\/2568"}],"wp:attachment":[{"href":"https:\/\/ajashop.eu\/da\/wp-json\/wp\/v2\/media?parent=2521"}],"curies":[{"name":"wp","href":"https:\/\/api.w.org\/{rel}","templated":true}]}}