{"id":2523,"date":"2025-04-24T11:53:47","date_gmt":"2025-04-24T11:53:47","guid":{"rendered":"https:\/\/ajashop.eu\/politik-for-cookies\/"},"modified":"2025-05-29T07:23:31","modified_gmt":"2025-05-29T07:23:31","slug":"politik-for-cookies","status":"publish","type":"page","link":"https:\/\/ajashop.eu\/da\/politik-for-cookies\/","title":{"rendered":"Politik for cookies"},"content":{"rendered":"\t\t<div data-elementor-type=\"wp-page\" data-elementor-id=\"2523\" class=\"elementor elementor-2523\" data-elementor-post-type=\"page\">\n\t\t\t\t<div class=\"elementor-element elementor-element-462b1c2 e-flex e-con-boxed e-con e-parent\" data-id=\"462b1c2\" data-element_type=\"container\" data-e-type=\"container\" data-settings=\"{&quot;background_background&quot;:&quot;classic&quot;}\">\n\t\t\t\t\t<div class=\"e-con-inner\">\n\t\t\t\t<div class=\"elementor-element elementor-element-fa53bfa elementor-widget__width-initial animated-slow elementor-invisible elementor-widget elementor-widget-heading\" data-id=\"fa53bfa\" data-element_type=\"widget\" data-e-type=\"widget\" data-settings=\"{&quot;_animation&quot;:&quot;fadeInDown&quot;,&quot;_animation_delay&quot;:400}\" data-widget_type=\"heading.default\">\n\t\t\t\t<div class=\"elementor-widget-container\">\n\t\t\t\t\t<h2 class=\"elementor-heading-title elementor-size-default\">Cookies Policy\n<\/h2>\t\t\t\t<\/div>\n\t\t\t\t<\/div>\n\t\t\t\t<div class=\"elementor-element elementor-element-ae170e2 elementor-icon-list--layout-inline elementor-list-item-link-full_width elementor-widget elementor-widget-icon-list\" data-id=\"ae170e2\" data-element_type=\"widget\" data-e-type=\"widget\" data-widget_type=\"icon-list.default\">\n\t\t\t\t<div class=\"elementor-widget-container\">\n\t\t\t\t\t\t\t<ul class=\"elementor-icon-list-items elementor-inline-items\">\n\t\t\t\t\t\t\t<li class=\"elementor-icon-list-item elementor-inline-item\">\n\t\t\t\t\t\t\t\t\t\t\t<a href=\"https:\/\/ajashop.eu\/da\/\">\n\n\t\t\t\t\t\t\t\t\t\t\t<span class=\"elementor-icon-list-text\">Home<\/span>\n\t\t\t\t\t\t\t\t\t\t\t<\/a>\n\t\t\t\t\t\t\t\t\t<\/li>\n\t\t\t\t\t\t\t\t<li class=\"elementor-icon-list-item elementor-inline-item\">\n\t\t\t\t\t\t\t\t\t\t\t<span class=\"elementor-icon-list-icon\">\n\t\t\t\t\t\t\t<svg aria-hidden=\"true\" class=\"e-font-icon-svg e-fas-minus\" viewBox=\"0 0 448 512\" xmlns=\"http:\/\/www.w3.org\/2000\/svg\"><path d=\"M416 208H32c-17.67 0-32 14.33-32 32v32c0 17.67 14.33 32 32 32h384c17.67 0 32-14.33 32-32v-32c0-17.67-14.33-32-32-32z\"><\/path><\/svg>\t\t\t\t\t\t<\/span>\n\t\t\t\t\t\t\t\t\t\t<span class=\"elementor-icon-list-text\"><\/span>\n\t\t\t\t\t\t\t\t\t<\/li>\n\t\t\t\t\t\t<\/ul>\n\t\t\t\t\t\t<\/div>\n\t\t\t\t<\/div>\n\t\t\t\t\t<\/div>\n\t\t\t\t<\/div>\n\t\t<div class=\"elementor-element elementor-element-54b7857 e-flex e-con-boxed e-con e-parent\" data-id=\"54b7857\" data-element_type=\"container\" data-e-type=\"container\">\n\t\t\t\t\t<div class=\"e-con-inner\">\n\t\t\t\t<div class=\"elementor-element elementor-element-c313275 elementor-widget elementor-widget-heading\" data-id=\"c313275\" data-element_type=\"widget\" data-e-type=\"widget\" data-widget_type=\"heading.default\">\n\t\t\t\t<div class=\"elementor-widget-container\">\n\t\t\t\t\t<h2 class=\"elementor-heading-title elementor-size-default\">Cookies Policy\n<\/h2>\t\t\t\t<\/div>\n\t\t\t\t<\/div>\n\t\t\t\t<div class=\"elementor-element elementor-element-3e0c2f5 elementor-widget elementor-widget-text-editor\" data-id=\"3e0c2f5\" data-element_type=\"widget\" data-e-type=\"widget\" data-widget_type=\"text-editor.default\">\n\t\t\t\t<div class=\"elementor-widget-container\">\n\t\t\t\t\t\t\t\t\t<p class=\"\" data-start=\"211\" data-end=\"394\"><strong data-start=\"211\" data-end=\"234\">1. What Are Cookies<\/strong><br data-start=\"234\" data-end=\"237\" \/>Cookies are small text files stored on your device when you visit a website. They help improve site functionality, user experience, and performance tracking.<\/p><p class=\"\" data-start=\"396\" data-end=\"449\"><strong data-start=\"396\" data-end=\"421\">2. How We Use Cookies<\/strong><br data-start=\"421\" data-end=\"424\" \/>Aja Shop uses cookies to:<\/p><ul data-start=\"450\" data-end=\"581\"><li class=\"\" data-start=\"450\" data-end=\"477\"><p class=\"\" data-start=\"452\" data-end=\"477\">Remember your preferences<\/p><\/li><li class=\"\" data-start=\"478\" data-end=\"512\"><p class=\"\" data-start=\"480\" data-end=\"512\">Track site usage and performance<\/p><\/li><li class=\"\" data-start=\"513\" data-end=\"547\"><p class=\"\" data-start=\"515\" data-end=\"547\">Enable secure login and checkout<\/p><\/li><li class=\"\" data-start=\"548\" data-end=\"581\"><p class=\"\" data-start=\"550\" data-end=\"581\">Show relevant content or offers<\/p><\/li><\/ul><p class=\"\" data-start=\"583\" data-end=\"615\"><strong data-start=\"583\" data-end=\"613\">3. Types of Cookies We Use<\/strong><\/p><ul data-start=\"616\" data-end=\"844\"><li class=\"\" data-start=\"616\" data-end=\"681\"><p class=\"\" data-start=\"618\" data-end=\"681\"><strong data-start=\"618\" data-end=\"639\">Essential Cookies<\/strong>: Required for basic site functionality.<\/p><\/li><li class=\"\" data-start=\"682\" data-end=\"754\"><p class=\"\" data-start=\"684\" data-end=\"754\"><strong data-start=\"684\" data-end=\"705\">Analytics Cookies<\/strong>: Help us understand how visitors use the site.<\/p><\/li><li class=\"\" data-start=\"755\" data-end=\"844\"><p class=\"\" data-start=\"757\" data-end=\"844\"><strong data-start=\"757\" data-end=\"778\">Marketing Cookies<\/strong>: Used to deliver relevant ads and promotions (only if consented).<\/p><\/li><\/ul><p class=\"\" data-start=\"846\" data-end=\"1025\"><strong data-start=\"846\" data-end=\"872\">4. Third-Party Cookies<\/strong><br data-start=\"872\" data-end=\"875\" \/>Some cookies may be set by third-party services (e.g., Google Analytics, payment gateways). These services have their own privacy and cookie policies.<\/p><p class=\"\" data-start=\"1027\" data-end=\"1194\"><strong data-start=\"1027\" data-end=\"1050\">5. Managing Cookies<\/strong><br data-start=\"1050\" data-end=\"1053\" \/>You can control or disable cookies through your browser settings. Please note that disabling essential cookies may affect site functionality.<\/p><p class=\"\" data-start=\"1196\" data-end=\"1306\"><strong data-start=\"1196\" data-end=\"1210\">6. Consent<\/strong><br data-start=\"1210\" data-end=\"1213\" \/>By continuing to use our site, you consent to the use of cookies as described in this policy.<\/p><p class=\"\" data-start=\"1308\" data-end=\"1428\"><strong data-start=\"1308\" data-end=\"1337\">7. Updates to This Policy<\/strong><br data-start=\"1337\" data-end=\"1340\" \/>We may update this cookie policy from time to time. Changes will be posted on this page.<\/p>\t\t\t\t\t\t\t\t<\/div>\n\t\t\t\t<\/div>\n\t\t\t\t\t<\/div>\n\t\t\t\t<\/div>\n\t\t\t\t<\/div>\n\t\t","protected":false},"excerpt":{"rendered":"<p>Politik for cookies Hjem Politik for cookies 1. Hvad er cookiesCookies er sm\u00e5 tekstfiler, der gemmes p\u00e5 din enhed, n\u00e5r [&hellip;]<\/p>\n","protected":false},"author":1,"featured_media":0,"parent":0,"menu_order":0,"comment_status":"closed","ping_status":"closed","template":"","meta":{"_acf_changed":false,"site-sidebar-layout":"no-sidebar","site-content-layout":"","ast-site-content-layout":"full-width-container","site-content-style":"default","site-sidebar-style":"default","ast-global-header-display":"","ast-banner-title-visibility":"","ast-main-header-display":"","ast-hfb-above-header-display":"","ast-hfb-below-header-display":"","ast-hfb-mobile-header-display":"","site-post-title":"disabled","ast-breadcrumbs-content":"","ast-featured-img":"disabled","footer-sml-layout":"","ast-disable-related-posts":"","theme-transparent-header-meta":"","adv-header-id-meta":"","stick-header-meta":"","header-above-stick-meta":"","header-main-stick-meta":"","header-below-stick-meta":"","astra-migrate-meta-layouts":"default","ast-page-background-enabled":"default","ast-page-background-meta":{"desktop":{"background-color":"var(--ast-global-color-5)","background-image":"","background-repeat":"repeat","background-position":"center center","background-size":"auto","background-attachment":"scroll","background-type":"","background-media":"","overlay-type":"","overlay-color":"","overlay-opacity":"","overlay-gradient":""},"tablet":{"background-color":"","background-image":"","background-repeat":"repeat","background-position":"center center","background-size":"auto","background-attachment":"scroll","background-type":"","background-media":"","overlay-type":"","overlay-color":"","overlay-opacity":"","overlay-gradient":""},"mobile":{"background-color":"","background-image":"","background-repeat":"repeat","background-position":"center center","background-size":"auto","background-attachment":"scroll","background-type":"","background-media":"","overlay-type":"","overlay-color":"","overlay-opacity":"","overlay-gradient":""}},"ast-content-background-meta":{"desktop":{"background-color":"var(--ast-global-color-4)","background-image":"","background-repeat":"repeat","background-position":"center center","background-size":"auto","background-attachment":"scroll","background-type":"","background-media":"","overlay-type":"","overlay-color":"","overlay-opacity":"","overlay-gradient":""},"tablet":{"background-color":"var(--ast-global-color-4)","background-image":"","background-repeat":"repeat","background-position":"center center","background-size":"auto","background-attachment":"scroll","background-type":"","background-media":"","overlay-type":"","overlay-color":"","overlay-opacity":"","overlay-gradient":""},"mobile":{"background-color":"var(--ast-global-color-4)","background-image":"","background-repeat":"repeat","background-position":"center center","background-size":"auto","background-attachment":"scroll","background-type":"","background-media":"","overlay-type":"","overlay-color":"","overlay-opacity":"","overlay-gradient":""}},"footnotes":""},"class_list":["post-2523","page","type-page","status-publish","hentry"],"acf":[],"yoast_head":"<!-- This site is optimized with the Yoast SEO plugin v27.4 - https:\/\/yoast.com\/product\/yoast-seo-wordpress\/ -->\n<title>Politik for cookies - Aja Shop<\/title>\n<meta name=\"robots\" content=\"index, follow, max-snippet:-1, max-image-preview:large, max-video-preview:-1\" \/>\n<link rel=\"canonical\" href=\"https:\/\/ajashop.eu\/cookies-policy\/\" \/>\n<meta property=\"og:locale\" content=\"da_DK\" \/>\n<meta property=\"og:type\" content=\"article\" \/>\n<meta property=\"og:title\" content=\"Politik for cookies - Aja Shop\" \/>\n<meta property=\"og:description\" content=\"Politik for cookies Hjem Politik for cookies 1. Hvad er cookiesCookies er sm\u00e5 tekstfiler, der gemmes p\u00e5 din enhed, n\u00e5r [&hellip;]\" \/>\n<meta property=\"og:url\" content=\"https:\/\/ajashop.eu\/cookies-policy\/\" \/>\n<meta property=\"og:site_name\" content=\"Aja Shop\" \/>\n<meta property=\"article:modified_time\" content=\"2025-05-29T07:23:31+00:00\" \/>\n<meta name=\"twitter:card\" content=\"summary_large_image\" \/>\n<meta name=\"twitter:label1\" content=\"Estimeret l\u00e6setid\" \/>\n\t<meta name=\"twitter:data1\" content=\"1 minut\" \/>\n<script type=\"application\/ld+json\" class=\"yoast-schema-graph\">{\"@context\":\"https:\\\/\\\/schema.org\",\"@graph\":[{\"@type\":\"WebPage\",\"@id\":\"https:\\\/\\\/ajashop.eu\\\/cookies-policy\\\/\",\"url\":\"https:\\\/\\\/ajashop.eu\\\/cookies-policy\\\/\",\"name\":\"Politik for cookies - Aja Shop\",\"isPartOf\":{\"@id\":\"https:\\\/\\\/ajashop.eu\\\/#website\"},\"datePublished\":\"2025-04-24T11:53:47+00:00\",\"dateModified\":\"2025-05-29T07:23:31+00:00\",\"breadcrumb\":{\"@id\":\"https:\\\/\\\/ajashop.eu\\\/cookies-policy\\\/#breadcrumb\"},\"inLanguage\":\"da-DK\",\"potentialAction\":[{\"@type\":\"ReadAction\",\"target\":[\"https:\\\/\\\/ajashop.eu\\\/cookies-policy\\\/\"]}]},{\"@type\":\"BreadcrumbList\",\"@id\":\"https:\\\/\\\/ajashop.eu\\\/cookies-policy\\\/#breadcrumb\",\"itemListElement\":[{\"@type\":\"ListItem\",\"position\":1,\"name\":\"Home\",\"item\":\"https:\\\/\\\/ajashop.eu\\\/da\\\/\"},{\"@type\":\"ListItem\",\"position\":2,\"name\":\"Politik for cookies\"}]},{\"@type\":\"WebSite\",\"@id\":\"https:\\\/\\\/ajashop.eu\\\/#website\",\"url\":\"https:\\\/\\\/ajashop.eu\\\/\",\"name\":\"Aja Shop\",\"description\":\"\",\"publisher\":{\"@id\":\"https:\\\/\\\/ajashop.eu\\\/#organization\"},\"potentialAction\":[{\"@type\":\"SearchAction\",\"target\":{\"@type\":\"EntryPoint\",\"urlTemplate\":\"https:\\\/\\\/ajashop.eu\\\/?s={search_term_string}\"},\"query-input\":{\"@type\":\"PropertyValueSpecification\",\"valueRequired\":true,\"valueName\":\"search_term_string\"}}],\"inLanguage\":\"da-DK\"},{\"@type\":\"Organization\",\"@id\":\"https:\\\/\\\/ajashop.eu\\\/#organization\",\"name\":\"Aja Shop\",\"url\":\"https:\\\/\\\/ajashop.eu\\\/\",\"logo\":{\"@type\":\"ImageObject\",\"inLanguage\":\"da-DK\",\"@id\":\"https:\\\/\\\/ajashop.eu\\\/#\\\/schema\\\/logo\\\/image\\\/\",\"url\":\"http:\\\/\\\/ajashop.eu\\\/wp-content\\\/uploads\\\/2025\\\/04\\\/cropped-2-scaled-1.jpg\",\"contentUrl\":\"http:\\\/\\\/ajashop.eu\\\/wp-content\\\/uploads\\\/2025\\\/04\\\/cropped-2-scaled-1.jpg\",\"width\":512,\"height\":512,\"caption\":\"Aja Shop\"},\"image\":{\"@id\":\"https:\\\/\\\/ajashop.eu\\\/#\\\/schema\\\/logo\\\/image\\\/\"}}]}<\/script>\n<!-- \/ Yoast SEO plugin. -->","yoast_head_json":{"title":"Politik for cookies - Aja Shop","robots":{"index":"index","follow":"follow","max-snippet":"max-snippet:-1","max-image-preview":"max-image-preview:large","max-video-preview":"max-video-preview:-1"},"canonical":"https:\/\/ajashop.eu\/cookies-policy\/","og_locale":"da_DK","og_type":"article","og_title":"Politik for cookies - Aja Shop","og_description":"Politik for cookies Hjem Politik for cookies 1. Hvad er cookiesCookies er sm\u00e5 tekstfiler, der gemmes p\u00e5 din enhed, n\u00e5r [&hellip;]","og_url":"https:\/\/ajashop.eu\/cookies-policy\/","og_site_name":"Aja Shop","article_modified_time":"2025-05-29T07:23:31+00:00","twitter_card":"summary_large_image","twitter_misc":{"Estimeret l\u00e6setid":"1 minut"},"schema":{"@context":"https:\/\/schema.org","@graph":[{"@type":"WebPage","@id":"https:\/\/ajashop.eu\/cookies-policy\/","url":"https:\/\/ajashop.eu\/cookies-policy\/","name":"Politik for cookies - Aja Shop","isPartOf":{"@id":"https:\/\/ajashop.eu\/#website"},"datePublished":"2025-04-24T11:53:47+00:00","dateModified":"2025-05-29T07:23:31+00:00","breadcrumb":{"@id":"https:\/\/ajashop.eu\/cookies-policy\/#breadcrumb"},"inLanguage":"da-DK","potentialAction":[{"@type":"ReadAction","target":["https:\/\/ajashop.eu\/cookies-policy\/"]}]},{"@type":"BreadcrumbList","@id":"https:\/\/ajashop.eu\/cookies-policy\/#breadcrumb","itemListElement":[{"@type":"ListItem","position":1,"name":"Home","item":"https:\/\/ajashop.eu\/da\/"},{"@type":"ListItem","position":2,"name":"Politik for cookies"}]},{"@type":"WebSite","@id":"https:\/\/ajashop.eu\/#website","url":"https:\/\/ajashop.eu\/","name":"Aja Shop","description":"","publisher":{"@id":"https:\/\/ajashop.eu\/#organization"},"potentialAction":[{"@type":"SearchAction","target":{"@type":"EntryPoint","urlTemplate":"https:\/\/ajashop.eu\/?s={search_term_string}"},"query-input":{"@type":"PropertyValueSpecification","valueRequired":true,"valueName":"search_term_string"}}],"inLanguage":"da-DK"},{"@type":"Organization","@id":"https:\/\/ajashop.eu\/#organization","name":"Aja Shop","url":"https:\/\/ajashop.eu\/","logo":{"@type":"ImageObject","inLanguage":"da-DK","@id":"https:\/\/ajashop.eu\/#\/schema\/logo\/image\/","url":"http:\/\/ajashop.eu\/wp-content\/uploads\/2025\/04\/cropped-2-scaled-1.jpg","contentUrl":"http:\/\/ajashop.eu\/wp-content\/uploads\/2025\/04\/cropped-2-scaled-1.jpg","width":512,"height":512,"caption":"Aja Shop"},"image":{"@id":"https:\/\/ajashop.eu\/#\/schema\/logo\/image\/"}}]}},"_links":{"self":[{"href":"https:\/\/ajashop.eu\/da\/wp-json\/wp\/v2\/pages\/2523","targetHints":{"allow":["GET"]}}],"collection":[{"href":"https:\/\/ajashop.eu\/da\/wp-json\/wp\/v2\/pages"}],"about":[{"href":"https:\/\/ajashop.eu\/da\/wp-json\/wp\/v2\/types\/page"}],"author":[{"embeddable":true,"href":"https:\/\/ajashop.eu\/da\/wp-json\/wp\/v2\/users\/1"}],"replies":[{"embeddable":true,"href":"https:\/\/ajashop.eu\/da\/wp-json\/wp\/v2\/comments?post=2523"}],"version-history":[{"count":2,"href":"https:\/\/ajashop.eu\/da\/wp-json\/wp\/v2\/pages\/2523\/revisions"}],"predecessor-version":[{"id":2600,"href":"https:\/\/ajashop.eu\/da\/wp-json\/wp\/v2\/pages\/2523\/revisions\/2600"}],"wp:attachment":[{"href":"https:\/\/ajashop.eu\/da\/wp-json\/wp\/v2\/media?parent=2523"}],"curies":[{"name":"wp","href":"https:\/\/api.w.org\/{rel}","templated":true}]}}